{"id":657,"date":"2025-05-19T20:53:39","date_gmt":"2025-05-19T20:53:39","guid":{"rendered":"https:\/\/studenttaxbuddy.com\/wp2\/?page_id=657"},"modified":"2025-05-19T21:23:14","modified_gmt":"2025-05-19T21:23:14","slug":"nuestro-equipo","status":"publish","type":"page","link":"https:\/\/studenttaxbuddy.com\/wp2\/es\/nuestro-equipo\/","title":{"rendered":"Nuestro Equipo"},"content":{"rendered":"\n<div class=\"wp-block-uagb-container uagb-block-0813b16b alignfull uagb-is-root-container\"><div class=\"uagb-container-inner-blocks-wrap\">\n<div class=\"wp-block-uagb-advanced-heading uagb-block-eb3fa6e4\"><h1 class=\"uagb-heading-text\">Nuestro Equipo<br><\/h1><\/div>\n\n\n\n<div class=\"wp-block-uagb-container uagb-block-d2b163b0\">\n<div class=\"wp-block-stackable-columns stk-block-columns stk-block stk-50f1c1b\" data-block-id=\"50f1c1b\"><div class=\"stk-row stk-inner-blocks stk-block-content stk-content-align stk-50f1c1b-column\">\n<div class=\"wp-block-stackable-column stk-block-column stk-column stk-block stk-5ca540e\" data-v=\"4\" data-block-id=\"5ca540e\"><div class=\"stk-column-wrapper stk-block-column__content stk-container stk-5ca540e-container stk--no-background stk--no-padding\"><div class=\"stk-block-content stk-inner-blocks stk-5ca540e-inner-blocks\">\n<div class=\"wp-block-uagb-advanced-heading uagb-block-5d019d1c\"><h2 class=\"uagb-heading-text\">El Equipo de STB<\/h2><\/div>\n\n\n\n<p class=\"has-ast-global-color-5-color has-text-color has-link-color has-medium-font-size wp-elements-33785232dfb8385d858d00a034b4670d\">El equipo de Student Tax Buddy tiene su sede en Melbourne. Somos un grupo de contadores y emprendedores tecnol\u00f3gicos que quiere simplificar el proceso tributario y hacer que presentar tus impuestos sea tan f\u00e1cil como deber\u00eda ser.<br><\/p>\n<\/div><\/div><\/div>\n\n\n\n<div class=\"wp-block-stackable-column stk-block-column stk-column stk-block stk-5d07d98\" data-v=\"4\" data-block-id=\"5d07d98\"><div class=\"stk-column-wrapper stk-block-column__content stk-container stk-5d07d98-container stk--no-background stk--no-padding\"><div class=\"stk-block-content stk-inner-blocks stk-5d07d98-inner-blocks\">\n<div class=\"wp-block-uagb-image uagb-block-2c0657eb wp-block-uagb-image--layout-default wp-block-uagb-image--effect-static wp-block-uagb-image--align-none\"><figure class=\"wp-block-uagb-image__figure\"><img decoding=\"async\" srcset=\"https:\/\/studenttaxbuddy.com\/wp2\/wp-content\/uploads\/2025\/05\/IMG_2448.jpg ,https:\/\/studenttaxbuddy.com\/wp2\/wp-content\/uploads\/2025\/05\/IMG_2448.jpg 780w, https:\/\/studenttaxbuddy.com\/wp2\/wp-content\/uploads\/2025\/05\/IMG_2448.jpg 360w\" sizes=\"auto, (max-width: 480px) 150px\" src=\"https:\/\/studenttaxbuddy.com\/wp2\/wp-content\/uploads\/2025\/05\/IMG_2448.jpg\" alt=\"about us\" class=\"uag-image-314\" width=\"900\" height=\"600\" title=\"about us\" loading=\"lazy\" role=\"img\"\/><\/figure><\/div>\n<\/div><\/div><\/div>\n<\/div><\/div>\n\n\n\n<div class=\"wp-block-uagb-container uagb-block-20b86f2f\">\n<div class=\"wp-block-stackable-columns stk-block-columns stk-block stk-ee8aecc\" data-block-id=\"ee8aecc\"><div class=\"stk-row stk-inner-blocks stk-block-content stk-content-align stk-ee8aecc-column\">\n<div class=\"wp-block-stackable-column stk-block-column stk-column stk-block stk-8cc840c\" data-v=\"4\" data-block-id=\"8cc840c\"><div class=\"stk-column-wrapper stk-block-column__content stk-container stk-8cc840c-container stk--no-background stk--no-padding\"><div class=\"stk-block-content stk-inner-blocks stk-8cc840c-inner-blocks\">\n<div class=\"wp-block-uagb-image uagb-block-072529eb wp-block-uagb-image--layout-default wp-block-uagb-image--effect-static wp-block-uagb-image--align-none\"><figure class=\"wp-block-uagb-image__figure\"><img decoding=\"async\" srcset=\"https:\/\/studenttaxbuddy.com\/wp2\/wp-content\/uploads\/2025\/05\/registration.png ,https:\/\/studenttaxbuddy.com\/wp2\/wp-content\/uploads\/2025\/05\/registration.png 780w, https:\/\/studenttaxbuddy.com\/wp2\/wp-content\/uploads\/2025\/05\/registration.png 360w\" sizes=\"auto, (max-width: 480px) 150px\" src=\"https:\/\/studenttaxbuddy.com\/wp2\/wp-content\/uploads\/2025\/05\/registration.png\" alt=\"registration\" class=\"uag-image-315\" width=\"500\" height=\"300\" title=\"registration\" loading=\"lazy\" role=\"img\"\/><\/figure><\/div>\n<\/div><\/div><\/div>\n\n\n\n<div class=\"wp-block-stackable-column stk-block-column stk-column stk-block stk-f4e8b8d\" data-v=\"4\" data-block-id=\"f4e8b8d\"><div class=\"stk-column-wrapper stk-block-column__content stk-container stk-f4e8b8d-container stk--no-background stk--no-padding\"><div class=\"stk-block-content stk-inner-blocks stk-f4e8b8d-inner-blocks\">\n<div class=\"wp-block-uagb-advanced-heading uagb-block-8b79d8b3\"><h2 class=\"uagb-heading-text\">Detalles Del Negocio<\/h2><\/div>\n\n\n\n<p class=\"has-ast-global-color-8-color has-text-color has-link-color has-medium-font-size wp-elements-584f6415d67dab7b458e8bab7d5bcfb7\"><strong>Student Tax Buddy<\/strong> es un agente tributario registrado. Nuestro n\u00famero de agente tributario es <strong>25450758<\/strong><\/p>\n\n\n\n<p class=\"has-ast-global-color-8-color has-text-color has-link-color has-medium-font-size wp-elements-fa695ec43da7fb67c07150dc0d0f46f8\">1 Queens Rd,<\/p>\n\n\n\n<p class=\"has-ast-global-color-8-color has-text-color has-link-color has-medium-font-size wp-elements-631822dce4bb4e2ef0287aadd0829621\">Melbourne 3004<\/p>\n\n\n\n<p class=\"has-ast-global-color-8-color has-text-color has-link-color has-medium-font-size wp-elements-763e38cd7694a227ced275eb0e290583\">Victoria<\/p>\n\n\n\n<p class=\"has-ast-global-color-8-color has-text-color has-link-color has-medium-font-size wp-elements-0c2beae3af71372a4f1d6239c8b88581\"><strong>ABN 16 163 858 820<\/strong><\/p>\n<\/div><\/div><\/div>\n<\/div><\/div>\n<\/div>\n<\/div>\n\n\n\n<div data-aos= \"fade-right\" data-aos-duration=\"400\" data-aos-delay=\"0\" data-aos-easing=\"ease\" data-aos-once=\"true\" class=\"wp-block-uagb-container uagb-block-26c95d12\">\n<p class=\"has-ast-global-color-8-color has-text-color has-link-color has-medium-font-size wp-elements-6a50ba1d9047adfddd72ff57c443586e\">Usted puede comunicarse con nosotros a nuestros N\u00fameros de tel\u00e9fono:<br><br><a href=\"tel:+04 813 63890\" title=\"\">04 813 63890<\/a><br><br>O escribi\u00e9ndonos un mensaje para el impuesto a las necesidades de: <a href=\"mailto:hello@studenttaxbuddy.com\">hello@studenttaxbuddy.com<\/a><br><br>y todos los de su Jubilaci\u00f3n consultas a: <a href=\"mailto:super@studenttaxbuddy.com\">super@studenttaxbuddy.com<\/a><\/p>\n<\/div>\n<\/div><\/div>\n\n\n\n<p><\/p>\n","protected":false},"excerpt":{"rendered":"<p>Nuestro Equipo El Equipo de STB El equipo de Student Tax Buddy tiene su sede en Melbourne. Somos un grupo [&hellip;]<\/p>\n","protected":false},"author":1,"featured_media":0,"parent":0,"menu_order":0,"comment_status":"closed","ping_status":"closed","template":"","meta":{"om_disable_all_campaigns":false,"_uag_custom_page_level_css":"","site-sidebar-layout":"default","site-content-layout":"","ast-site-content-layout":"","site-content-style":"default","site-sidebar-style":"default","ast-global-header-display":"","ast-banner-title-visibility":"","ast-main-header-display":"","ast-hfb-above-header-display":"","ast-hfb-below-header-display":"","ast-hfb-mobile-header-display":"","site-post-title":"disabled","ast-breadcrumbs-content":"","ast-featured-img":"","footer-sml-layout":"","theme-transparent-header-meta":"","adv-header-id-meta":"","stick-header-meta":"","header-above-stick-meta":"","header-main-stick-meta":"","header-below-stick-meta":"","astra-migrate-meta-layouts":"default","ast-page-background-enabled":"default","ast-page-background-meta":{"desktop":{"background-color":"var(--ast-global-color-5)","background-image":"","background-repeat":"repeat","background-position":"center center","background-size":"auto","background-attachment":"scroll","background-type":"","background-media":"","overlay-type":"","overlay-color":"","overlay-opacity":"","overlay-gradient":""},"tablet":{"background-color":"","background-image":"","background-repeat":"repeat","background-position":"center center","background-size":"auto","background-attachment":"scroll","background-type":"","background-media":"","overlay-type":"","overlay-color":"","overlay-opacity":"","overlay-gradient":""},"mobile":{"background-color":"","background-image":"","background-repeat":"repeat","background-position":"center center","background-size":"auto","background-attachment":"scroll","background-type":"","background-media":"","overlay-type":"","overlay-color":"","overlay-opacity":"","overlay-gradient":""}},"ast-content-background-meta":{"desktop":{"background-color":"var(--ast-global-color-4)","background-image":"","background-repeat":"repeat","background-position":"center center","background-size":"auto","background-attachment":"scroll","background-type":"","background-media":"","overlay-type":"","overlay-color":"","overlay-opacity":"","overlay-gradient":""},"tablet":{"background-color":"var(--ast-global-color-4)","background-image":"","background-repeat":"repeat","background-position":"center center","background-size":"auto","background-attachment":"scroll","background-type":"","background-media":"","overlay-type":"","overlay-color":"","overlay-opacity":"","overlay-gradient":""},"mobile":{"background-color":"var(--ast-global-color-4)","background-image":"","background-repeat":"repeat","background-position":"center center","background-size":"auto","background-attachment":"scroll","background-type":"","background-media":"","overlay-type":"","overlay-color":"","overlay-opacity":"","overlay-gradient":""}},"_joinchat":[],"footnotes":""},"class_list":["post-657","page","type-page","status-publish","hentry"],"aioseo_notices":[],"uagb_featured_image_src":{"full":false,"thumbnail":false,"medium":false,"medium_large":false,"large":false,"1536x1536":false,"2048x2048":false},"uagb_author_info":{"display_name":"admin","author_link":"https:\/\/studenttaxbuddy.com\/wp2\/author\/admin\/"},"uagb_comment_info":0,"uagb_excerpt":"Nuestro Equipo El Equipo de STB El equipo de Student Tax Buddy tiene su sede en Melbourne. Somos un grupo [&hellip;]","_links":{"self":[{"href":"https:\/\/studenttaxbuddy.com\/wp2\/wp-json\/wp\/v2\/pages\/657","targetHints":{"allow":["GET"]}}],"collection":[{"href":"https:\/\/studenttaxbuddy.com\/wp2\/wp-json\/wp\/v2\/pages"}],"about":[{"href":"https:\/\/studenttaxbuddy.com\/wp2\/wp-json\/wp\/v2\/types\/page"}],"author":[{"embeddable":true,"href":"https:\/\/studenttaxbuddy.com\/wp2\/wp-json\/wp\/v2\/users\/1"}],"replies":[{"embeddable":true,"href":"https:\/\/studenttaxbuddy.com\/wp2\/wp-json\/wp\/v2\/comments?post=657"}],"version-history":[{"count":2,"href":"https:\/\/studenttaxbuddy.com\/wp2\/wp-json\/wp\/v2\/pages\/657\/revisions"}],"predecessor-version":[{"id":667,"href":"https:\/\/studenttaxbuddy.com\/wp2\/wp-json\/wp\/v2\/pages\/657\/revisions\/667"}],"wp:attachment":[{"href":"https:\/\/studenttaxbuddy.com\/wp2\/wp-json\/wp\/v2\/media?parent=657"}],"curies":[{"name":"wp","href":"https:\/\/api.w.org\/{rel}","templated":true}]}}