{"id":669,"date":"2025-05-19T21:39:02","date_gmt":"2025-05-19T21:39:02","guid":{"rendered":"https:\/\/studenttaxbuddy.com\/wp2\/?page_id=669"},"modified":"2025-05-20T00:40:12","modified_gmt":"2025-05-20T00:40:12","slug":"precios","status":"publish","type":"page","link":"https:\/\/studenttaxbuddy.com\/wp2\/es\/precios\/","title":{"rendered":"Precios"},"content":{"rendered":"\n<div class=\"wp-block-uagb-container uagb-block-f8a88522 alignfull uagb-is-root-container\"><div class=\"uagb-container-inner-blocks-wrap\">\n<div class=\"wp-block-uagb-advanced-heading uagb-block-96f31deb\"><h2 class=\"uagb-heading-text\">Precios<\/h2><\/div>\n\n\n\n<div class=\"wp-block-stackable-divider stk-block-divider stk-block stk-d336876\" data-block-id=\"d336876\"><style>.stk-d336876 hr.stk-block-divider__hr{width:100% !important;}.stk-d336876 {border-color:#abb8c3 !important;border-top-width:1px !important;border-right-width:1px !important;border-bottom-width:1px !important;border-left-width:1px !important;}<\/style><hr class=\"stk-block-divider__hr\"\/><\/div>\n\n\n\n<div class=\"wp-block-uagb-image uagb-block-13d11ae6 wp-block-uagb-image--layout-default wp-block-uagb-image--effect-static wp-block-uagb-image--align-none\"><figure class=\"wp-block-uagb-image__figure\"><img decoding=\"async\" srcset=\"https:\/\/studenttaxbuddy.com\/wp2\/wp-content\/uploads\/2025\/05\/PRICING-HEADER-1024x576.jpg ,https:\/\/studenttaxbuddy.com\/wp2\/wp-content\/uploads\/2025\/05\/PRICING-HEADER.jpg 780w, https:\/\/studenttaxbuddy.com\/wp2\/wp-content\/uploads\/2025\/05\/PRICING-HEADER.jpg 360w\" sizes=\"auto, (max-width: 480px) 150px\" src=\"https:\/\/studenttaxbuddy.com\/wp2\/wp-content\/uploads\/2025\/05\/PRICING-HEADER-1024x576.jpg\" alt=\"\" class=\"uag-image-300\" width=\"1493\" height=\"840\" title=\"PRICING-HEADER\" loading=\"lazy\" role=\"img\"\/><\/figure><\/div>\n\n\n\n<p class=\"has-ast-global-color-8-color has-text-color has-link-color wp-elements-a212e97e76b01bd60438f35a916245ea\">Nuestros precios son simples y f\u00e1ciles de entender. Despl\u00e1cese hacia abajo para ver la lista de honorarios por un valor de servicios para el a\u00f1o fiscal 2025. Precios no incluyen impuesto GST.<\/p>\n\n\n\n<div class=\"wp-block-stackable-columns stk-block-columns stk-block stk-b582d2b\" data-block-id=\"b582d2b\"><style>.stk-b582d2b {margin-bottom:3px !important;}<\/style><div class=\"stk-row stk-inner-blocks stk-block-content stk-content-align stk-b582d2b-column\">\n<div class=\"wp-block-stackable-column stk-block-column stk-column stk-block stk-316feee\" data-v=\"4\" data-block-id=\"316feee\"><style>@media screen and (min-width: 768px){.stk-316feee {flex:var(--stk-flex-grow, 1) 1 33.3% !important;}}<\/style><div class=\"stk-column-wrapper stk-block-column__content stk-container stk-316feee-container stk--no-background stk--no-padding\"><div class=\"stk-block-content stk-inner-blocks stk-316feee-inner-blocks\">\n<div class=\"wp-block-stackable-image stk-block-image stk-block stk-c748f03\" data-block-id=\"c748f03\"><style>.stk-c748f03 .stk-img-wrapper{width:200px !important;}<\/style><figure><span class=\"stk-img-wrapper stk-image--shape-stretch\"><img loading=\"lazy\" decoding=\"async\" class=\"stk-img wp-image-301\" src=\"https:\/\/studenttaxbuddy.com\/wp2\/wp-content\/uploads\/2025\/05\/simple1.png\" width=\"200\" height=\"200\" alt=\"simple1\"\/><\/span><\/figure><\/div>\n<\/div><\/div><\/div>\n\n\n\n<div class=\"wp-block-stackable-column stk-block-column stk-column stk-block stk-242e91a\" data-v=\"4\" data-block-id=\"242e91a\"><style>@media screen and (min-width: 768px){.stk-242e91a {flex:var(--stk-flex-grow, 1) 1 66.7% !important;}}<\/style><div class=\"stk-column-wrapper stk-block-column__content stk-container stk-242e91a-container stk--no-background stk--no-padding\"><div class=\"stk-block-content stk-inner-blocks stk-242e91a-inner-blocks\">\n<div class=\"wp-block-uagb-advanced-heading uagb-block-048c1972\"><h2 class=\"uagb-heading-text\"><strong>Declaraciones de Impuestos<\/strong><\/h2><\/div>\n\n\n\n<figure class=\"wp-block-table is-style-regular\"><table class=\"has-ast-global-color-6-color has-text-color has-link-color has-fixed-layout\" style=\"border-width:1px\"><tbody><tr><td>Declaraci\u00f3n de Impuestos Individual Simple\/B\u00e1sica \u2013 Solo TFN<\/td><td class=\"has-text-align-right\" data-align=\"right\">$95<\/td><\/tr><tr><td>Declaraci\u00f3n de Impuestos de Empresario Individual Simple\/B\u00e1sica \u2013 ABN<\/td><td class=\"has-text-align-right\" data-align=\"right\">$135<\/td><\/tr><tr><td>Declaraci\u00f3n de Impuestos Simple\/B\u00e1sica \u2013 ABN + TFN<\/td><td class=\"has-text-align-right\" data-align=\"right\">$155<\/td><\/tr><tr><td>Declaraci\u00f3n de Impuestos de Sociedad Simple\/B\u00e1sica<\/td><td class=\"has-text-align-right\" data-align=\"right\">$220<\/td><\/tr><tr><td>Declaraci\u00f3n de Impuestos Final<\/td><td class=\"has-text-align-right\" data-align=\"right\">$275<\/td><\/tr><tr><td>Declaraci\u00f3n de Impuestos en Cero \u2013 Formulario CU<\/td><td class=\"has-text-align-right\" data-align=\"right\">$25<\/td><\/tr><tr><td>Declaraci\u00f3n de Impuestos Individual Compleja<\/td><td class=\"has-text-align-right\" data-align=\"right\">A confirmar<\/td><\/tr><tr><td>Solicitud de Exenci\u00f3n del Impuesto M\u00e9dico<\/td><td class=\"has-text-align-right\" data-align=\"right\">$35<\/td><\/tr><\/tbody><\/table><\/figure>\n<\/div><\/div><\/div>\n<\/div><\/div>\n\n\n\n<div class=\"wp-block-uagb-container uagb-block-df03bbd1\">\n<div class=\"wp-block-stackable-columns stk-block-columns stk-block stk-7ab794e\" data-block-id=\"7ab794e\"><div class=\"stk-row stk-inner-blocks stk-block-content stk-content-align stk-7ab794e-column\">\n<div class=\"wp-block-stackable-column stk-block-column stk-column stk-block stk-c358ccb\" data-v=\"4\" data-block-id=\"c358ccb\"><style>@media screen and (min-width: 768px){.stk-c358ccb {flex:var(--stk-flex-grow, 1) 1 33.3% !important;}}<\/style><div class=\"stk-column-wrapper stk-block-column__content stk-container stk-c358ccb-container stk--no-background stk--no-padding\"><div class=\"stk-block-content stk-inner-blocks stk-c358ccb-inner-blocks\">\n<div class=\"wp-block-uagb-image uagb-block-fccc7bba wp-block-uagb-image--layout-default wp-block-uagb-image--effect-static wp-block-uagb-image--align-none\"><figure class=\"wp-block-uagb-image__figure\"><img decoding=\"async\" srcset=\"https:\/\/studenttaxbuddy.com\/wp2\/wp-content\/uploads\/2025\/05\/siuper.png ,https:\/\/studenttaxbuddy.com\/wp2\/wp-content\/uploads\/2025\/05\/siuper.png 780w, https:\/\/studenttaxbuddy.com\/wp2\/wp-content\/uploads\/2025\/05\/siuper.png 360w\" sizes=\"auto, (max-width: 480px) 150px\" src=\"https:\/\/studenttaxbuddy.com\/wp2\/wp-content\/uploads\/2025\/05\/siuper.png\" alt=\"siuper\" class=\"uag-image-304\" width=\"200\" height=\"200\" title=\"siuper\" loading=\"lazy\" role=\"img\"\/><\/figure><\/div>\n<\/div><\/div><\/div>\n\n\n\n<div class=\"wp-block-stackable-column stk-block-column stk-column stk-block stk-efe1569\" data-v=\"4\" data-block-id=\"efe1569\"><style>@media screen and (min-width: 768px){.stk-efe1569 {flex:var(--stk-flex-grow, 1) 1 66.7% !important;}}<\/style><div class=\"stk-column-wrapper stk-block-column__content stk-container stk-efe1569-container stk--no-background stk--no-padding\"><div class=\"stk-block-content stk-inner-blocks stk-efe1569-inner-blocks\">\n<div class=\"wp-block-uagb-advanced-heading uagb-block-7f84507b\"><h2 class=\"uagb-heading-text\"><strong>Super Reembolsos<\/strong><\/h2><\/div>\n\n\n\n<figure class=\"wp-block-table\"><table class=\"has-ast-global-color-8-color has-text-color has-link-color has-fixed-layout\"><tbody><tr><td>Reembolsos bajos hasta $1000<\/td><td class=\"has-text-align-right\" data-align=\"right\">$110<\/td><\/tr><tr><td>Reembolsos est\u00e1ndar superiores a $1000<\/td><td class=\"has-text-align-right\" data-align=\"right\">10% del monto del reembolso<\/td><\/tr><\/tbody><\/table><\/figure>\n<\/div><\/div><\/div>\n<\/div><\/div>\n<\/div>\n\n\n\n<div class=\"wp-block-uagb-container uagb-block-a8378019\">\n<div class=\"wp-block-stackable-columns stk-block-columns stk-block stk-281224a\" data-block-id=\"281224a\"><div class=\"stk-row stk-inner-blocks stk-block-content stk-content-align stk-281224a-column\">\n<div class=\"wp-block-stackable-column stk-block-column stk-column stk-block stk-b2b252b\" data-v=\"4\" data-block-id=\"b2b252b\"><style>@media screen and (min-width: 768px){.stk-b2b252b {flex:var(--stk-flex-grow, 1) 1 33.3% !important;}}<\/style><div class=\"stk-column-wrapper stk-block-column__content stk-container stk-b2b252b-container stk--no-background stk--no-padding\"><div class=\"stk-block-content stk-inner-blocks stk-b2b252b-inner-blocks\">\n<div class=\"wp-block-uagb-image uagb-block-e75ac9b7 wp-block-uagb-image--layout-default wp-block-uagb-image--effect-static wp-block-uagb-image--align-none\"><figure class=\"wp-block-uagb-image__figure\"><img decoding=\"async\" srcset=\"https:\/\/studenttaxbuddy.com\/wp2\/wp-content\/uploads\/2025\/05\/others.png ,https:\/\/studenttaxbuddy.com\/wp2\/wp-content\/uploads\/2025\/05\/others.png 780w, https:\/\/studenttaxbuddy.com\/wp2\/wp-content\/uploads\/2025\/05\/others.png 360w\" sizes=\"auto, (max-width: 480px) 150px\" src=\"https:\/\/studenttaxbuddy.com\/wp2\/wp-content\/uploads\/2025\/05\/others.png\" alt=\"others\" class=\"uag-image-305\" width=\"200\" height=\"200\" title=\"others\" loading=\"lazy\" role=\"img\"\/><\/figure><\/div>\n<\/div><\/div><\/div>\n\n\n\n<div class=\"wp-block-stackable-column stk-block-column stk-column stk-block stk-14dac4f\" data-v=\"4\" data-block-id=\"14dac4f\"><style>@media screen and (min-width: 768px){.stk-14dac4f {flex:var(--stk-flex-grow, 1) 1 66.7% !important;}}<\/style><div class=\"stk-column-wrapper stk-block-column__content stk-container stk-14dac4f-container stk--no-background stk--no-padding\"><div class=\"stk-block-content stk-inner-blocks stk-14dac4f-inner-blocks\">\n<div class=\"wp-block-uagb-advanced-heading uagb-block-337d6be6\"><h2 class=\"uagb-heading-text\"><strong><strong>Otros<\/strong><\/strong> Precios<br><\/h2><\/div>\n\n\n\n<figure class=\"wp-block-table\"><table class=\"has-ast-global-color-8-color has-text-color has-link-color has-fixed-layout\"><tbody><tr><td>Solicitudes de ABN<\/td><td class=\"has-text-align-right\" data-align=\"right\">$135<\/td><\/tr><tr><td>Solicitudes de TFN<\/td><td class=\"has-text-align-right\" data-align=\"right\">Gratis<\/td><\/tr><tr><td>Cancelaci\u00f3n de ABN<\/td><td class=\"has-text-align-right\" data-align=\"right\">$55<\/td><\/tr><tr><td>Cargo adicional si la tarifa STB se descuenta del reembolso<\/td><td class=\"has-text-align-right\" data-align=\"right\">$17<\/td><\/tr><tr><td>Cargo por Transferencia Bancaria Internacional<\/td><td class=\"has-text-align-right\" data-align=\"right\">$80<\/td><\/tr><tr><td>Cargo adicional por asistencia presencial en oficina<\/td><td class=\"has-text-align-right\" data-align=\"right\">$25<\/td><\/tr><\/tbody><\/table><\/figure>\n<\/div><\/div><\/div>\n<\/div><\/div>\n<\/div>\n<\/div><\/div>\n\n\n\n<p><\/p>\n","protected":false},"excerpt":{"rendered":"<p>Precios Nuestros precios son simples y f\u00e1ciles de entender. Despl\u00e1cese hacia abajo para ver la lista de honorarios por un [&hellip;]<\/p>\n","protected":false},"author":1,"featured_media":0,"parent":0,"menu_order":0,"comment_status":"closed","ping_status":"closed","template":"","meta":{"om_disable_all_campaigns":false,"_uag_custom_page_level_css":"","site-sidebar-layout":"default","site-content-layout":"","ast-site-content-layout":"","site-content-style":"default","site-sidebar-style":"default","ast-global-header-display":"","ast-banner-title-visibility":"","ast-main-header-display":"","ast-hfb-above-header-display":"","ast-hfb-below-header-display":"","ast-hfb-mobile-header-display":"","site-post-title":"disabled","ast-breadcrumbs-content":"","ast-featured-img":"","footer-sml-layout":"","theme-transparent-header-meta":"","adv-header-id-meta":"","stick-header-meta":"","header-above-stick-meta":"","header-main-stick-meta":"","header-below-stick-meta":"","astra-migrate-meta-layouts":"default","ast-page-background-enabled":"default","ast-page-background-meta":{"desktop":{"background-color":"var(--ast-global-color-5)","background-image":"","background-repeat":"repeat","background-position":"center center","background-size":"auto","background-attachment":"scroll","background-type":"","background-media":"","overlay-type":"","overlay-color":"","overlay-opacity":"","overlay-gradient":""},"tablet":{"background-color":"","background-image":"","background-repeat":"repeat","background-position":"center center","background-size":"auto","background-attachment":"scroll","background-type":"","background-media":"","overlay-type":"","overlay-color":"","overlay-opacity":"","overlay-gradient":""},"mobile":{"background-color":"","background-image":"","background-repeat":"repeat","background-position":"center center","background-size":"auto","background-attachment":"scroll","background-type":"","background-media":"","overlay-type":"","overlay-color":"","overlay-opacity":"","overlay-gradient":""}},"ast-content-background-meta":{"desktop":{"background-color":"var(--ast-global-color-4)","background-image":"","background-repeat":"repeat","background-position":"center center","background-size":"auto","background-attachment":"scroll","background-type":"","background-media":"","overlay-type":"","overlay-color":"","overlay-opacity":"","overlay-gradient":""},"tablet":{"background-color":"var(--ast-global-color-4)","background-image":"","background-repeat":"repeat","background-position":"center center","background-size":"auto","background-attachment":"scroll","background-type":"","background-media":"","overlay-type":"","overlay-color":"","overlay-opacity":"","overlay-gradient":""},"mobile":{"background-color":"var(--ast-global-color-4)","background-image":"","background-repeat":"repeat","background-position":"center center","background-size":"auto","background-attachment":"scroll","background-type":"","background-media":"","overlay-type":"","overlay-color":"","overlay-opacity":"","overlay-gradient":""}},"_joinchat":[],"footnotes":""},"class_list":["post-669","page","type-page","status-publish","hentry"],"aioseo_notices":[],"uagb_featured_image_src":{"full":false,"thumbnail":false,"medium":false,"medium_large":false,"large":false,"1536x1536":false,"2048x2048":false},"uagb_author_info":{"display_name":"admin","author_link":"https:\/\/studenttaxbuddy.com\/wp2\/author\/admin\/"},"uagb_comment_info":0,"uagb_excerpt":"Precios Nuestros precios son simples y f\u00e1ciles de entender. Despl\u00e1cese hacia abajo para ver la lista de honorarios por un [&hellip;]","_links":{"self":[{"href":"https:\/\/studenttaxbuddy.com\/wp2\/wp-json\/wp\/v2\/pages\/669","targetHints":{"allow":["GET"]}}],"collection":[{"href":"https:\/\/studenttaxbuddy.com\/wp2\/wp-json\/wp\/v2\/pages"}],"about":[{"href":"https:\/\/studenttaxbuddy.com\/wp2\/wp-json\/wp\/v2\/types\/page"}],"author":[{"embeddable":true,"href":"https:\/\/studenttaxbuddy.com\/wp2\/wp-json\/wp\/v2\/users\/1"}],"replies":[{"embeddable":true,"href":"https:\/\/studenttaxbuddy.com\/wp2\/wp-json\/wp\/v2\/comments?post=669"}],"version-history":[{"count":4,"href":"https:\/\/studenttaxbuddy.com\/wp2\/wp-json\/wp\/v2\/pages\/669\/revisions"}],"predecessor-version":[{"id":720,"href":"https:\/\/studenttaxbuddy.com\/wp2\/wp-json\/wp\/v2\/pages\/669\/revisions\/720"}],"wp:attachment":[{"href":"https:\/\/studenttaxbuddy.com\/wp2\/wp-json\/wp\/v2\/media?parent=669"}],"curies":[{"name":"wp","href":"https:\/\/api.w.org\/{rel}","templated":true}]}}